{"id":256,"date":"2018-07-19T08:26:26","date_gmt":"2018-07-19T08:26:26","guid":{"rendered":"https:\/\/themes.getmotopress.com\/aquentro\/?page_id=28"},"modified":"2021-06-13T10:12:37","modified_gmt":"2021-06-13T08:12:37","slug":"scuba-diving","status":"publish","type":"page","link":"https:\/\/uscudu.com\/index.php\/amenities\/scuba-diving\/","title":{"rendered":"Scuba Diving"},"content":{"rendered":"<p>Vous r\u00eavez de plonger en Corse ? Vous voulez pimenter vos souvenirs de vacances avec un loisir hors du commun ?<br \/>\nVous aimeriez plonger, mais vous avez peur de l\u2019eau\u2026<br \/>\nFaites vous plaisir, rejoignez Torra Plong\u00e9e !<\/p>\n<p><!--more View details--><\/p>\n<p>Notre passion : mettre la plong\u00e9e \u00e0 la port\u00e9e de tous !<\/p>\n<p>Bapt\u00eames, formations, explorations, seul, en groupe ou en famille, venez plonger avec nous et d\u00e9couvrir des paysages sous marins majestueux avec une \u00e9quipe de moniteurs dipl\u00f4m\u00e9s et exp\u00e9riment\u00e9s.<\/p>\n<p>Pour d\u00e9couvrir la plong\u00e9e, plusieurs choix s\u2019offrent \u00e0 vous :<\/p>\n<p>\u2013 La&nbsp;<a href=\"https:\/\/torra-plongee.com\/index.php\/randonnee-palmee\/\"><strong>randonn\u00e9e palm\u00e9e<\/strong><\/a>&nbsp;avec un guide qui sera l\u00e0 pour vous \u00e9quiper, pour expliquer comment \u00e9voluer en surface avec un masque, un tuba et des palmes et surtout pour d\u00e9couvrir la faune et la flore de la M\u00e9diterran\u00e9e et les diff\u00e9rents milieux qui la composent.<\/p>\n<p>\u2013 Le&nbsp;<strong><a href=\"https:\/\/torra-plongee.com\/index.php\/bapteme-de-plongee\/\">bapt\u00eame de plong\u00e9e<\/a><\/strong>, pendant vous \u00e9voluerez seul avec votre guide, sous l\u2019eau, \u00e9quip\u00e9 avec un d\u00e9tendeur, un gilet stabilisateur et une bouteille, comme les vrais plongeurs pour d\u00e9couvrir de nouvelles sensations.<\/p>\n<p>\u2013 les deux r\u00e9unis dans le&nbsp;<strong><a href=\"https:\/\/torra-plongee.com\/index.php\/pack-decouverte\/\">pack d\u00e9couverte<\/a><\/strong>, le matin la randonn\u00e9e palm\u00e9e et l\u2019apr\u00e8s-midi le bapt\u00eame<\/p>\n<p>\u2013 Le&nbsp;<a href=\"https:\/\/torra-plongee.com\/index.php\/discover-scuba-diver\/\"><strong>One Day Torra<\/strong><\/a>, le matin sur la plage avec un moniteur pour vous donner les rudiments de la plong\u00e9e sous marine et l\u2019apr\u00e8s-midi, et l\u2019apr\u00e8s-midi une plong\u00e9e d\u2019exploration \u00e0 12 m de profondeur maximum.<\/p>\n<p><strong>Pour nous joindre et r\u00e9server :<\/strong><\/p>\n<p><strong>Portable : 06 83 58 81 81<\/strong><br \/>\n<strong>Email : torra.plongee(@)gmail.com<br \/>\nNotre adresse : La plage 20110 CAMPOMORO<\/strong><\/p>\n","protected":false},"excerpt":{"rendered":"<p>Vous r\u00eavez de plonger en Corse ? Vous voulez pimenter vos souvenirs de vacances avec un loisir hors du commun ? Vous aimeriez plonger, mais vous avez peur de l\u2019eau\u2026 Faites vous plaisir, rejoignez Torra Plong\u00e9e !<\/p>\n","protected":false},"author":1,"featured_media":571,"parent":253,"menu_order":0,"comment_status":"closed","ping_status":"closed","template":"template-boxed-page.php","meta":{"inline_featured_image":false,"footnotes":""},"class_list":["post-256","page","type-page","status-publish","has-post-thumbnail","hentry"],"jetpack_likes_enabled":false,"jetpack_sharing_enabled":true,"_links":{"self":[{"href":"https:\/\/uscudu.com\/index.php\/wp-json\/wp\/v2\/pages\/256","targetHints":{"allow":["GET"]}}],"collection":[{"href":"https:\/\/uscudu.com\/index.php\/wp-json\/wp\/v2\/pages"}],"about":[{"href":"https:\/\/uscudu.com\/index.php\/wp-json\/wp\/v2\/types\/page"}],"author":[{"embeddable":true,"href":"https:\/\/uscudu.com\/index.php\/wp-json\/wp\/v2\/users\/1"}],"replies":[{"embeddable":true,"href":"https:\/\/uscudu.com\/index.php\/wp-json\/wp\/v2\/comments?post=256"}],"version-history":[{"count":0,"href":"https:\/\/uscudu.com\/index.php\/wp-json\/wp\/v2\/pages\/256\/revisions"}],"up":[{"embeddable":true,"href":"https:\/\/uscudu.com\/index.php\/wp-json\/wp\/v2\/pages\/253"}],"wp:featuredmedia":[{"embeddable":true,"href":"https:\/\/uscudu.com\/index.php\/wp-json\/wp\/v2\/media\/571"}],"wp:attachment":[{"href":"https:\/\/uscudu.com\/index.php\/wp-json\/wp\/v2\/media?parent=256"}],"curies":[{"name":"wp","href":"https:\/\/api.w.org\/{rel}","templated":true}]}}